{"id":3504,"date":"2015-03-09T01:08:15","date_gmt":"2015-03-08T21:08:15","guid":{"rendered":"http:\/\/allstar.az\/?page_id=3504"},"modified":"2020-05-06T15:08:08","modified_gmt":"2020-05-06T11:08:08","slug":"isiq-3","status":"publish","type":"page","link":"https:\/\/allstar.az\/az\/isiq-3\/","title":{"rendered":"\u0130\u015f\u0131q"},"content":{"rendered":"","protected":false},"excerpt":{"rendered":"","protected":false},"author":1,"featured_media":0,"parent":0,"menu_order":0,"comment_status":"open","ping_status":"closed","template":"","meta":{"footnotes":""},"class_list":["post-3504","page","type-page","status-publish","hentry"],"_links":{"self":[{"href":"https:\/\/allstar.az\/az\/wp-json\/wp\/v2\/pages\/3504","targetHints":{"allow":["GET"]}}],"collection":[{"href":"https:\/\/allstar.az\/az\/wp-json\/wp\/v2\/pages"}],"about":[{"href":"https:\/\/allstar.az\/az\/wp-json\/wp\/v2\/types\/page"}],"author":[{"embeddable":true,"href":"https:\/\/allstar.az\/az\/wp-json\/wp\/v2\/users\/1"}],"replies":[{"embeddable":true,"href":"https:\/\/allstar.az\/az\/wp-json\/wp\/v2\/comments?post=3504"}],"version-history":[{"count":4,"href":"https:\/\/allstar.az\/az\/wp-json\/wp\/v2\/pages\/3504\/revisions"}],"predecessor-version":[{"id":4427,"href":"https:\/\/allstar.az\/az\/wp-json\/wp\/v2\/pages\/3504\/revisions\/4427"}],"wp:attachment":[{"href":"https:\/\/allstar.az\/az\/wp-json\/wp\/v2\/media?parent=3504"}],"curies":[{"name":"wp","href":"https:\/\/api.w.org\/{rel}","templated":true}]}}