{"id":3665,"date":"2015-03-10T10:32:36","date_gmt":"2015-03-10T06:32:36","guid":{"rendered":"http:\/\/allstar.az\/?page_id=3665"},"modified":"2015-09-07T15:20:57","modified_gmt":"2015-09-07T11:20:57","slug":"memarliq-isiqlari","status":"publish","type":"page","link":"https:\/\/allstar.az\/az\/isiq-3\/memarliq-isiqlari\/","title":{"rendered":"Memarl\u0131q \u0130\u015f\u0131qlar\u0131"},"content":{"rendered":"<div class=\"woocommerce columns-4 \"><\/div>\n","protected":false},"excerpt":{"rendered":"","protected":false},"author":1,"featured_media":0,"parent":3504,"menu_order":0,"comment_status":"open","ping_status":"open","template":"","meta":{"footnotes":""},"class_list":["post-3665","page","type-page","status-publish","hentry"],"_links":{"self":[{"href":"https:\/\/allstar.az\/az\/wp-json\/wp\/v2\/pages\/3665","targetHints":{"allow":["GET"]}}],"collection":[{"href":"https:\/\/allstar.az\/az\/wp-json\/wp\/v2\/pages"}],"about":[{"href":"https:\/\/allstar.az\/az\/wp-json\/wp\/v2\/types\/page"}],"author":[{"embeddable":true,"href":"https:\/\/allstar.az\/az\/wp-json\/wp\/v2\/users\/1"}],"replies":[{"embeddable":true,"href":"https:\/\/allstar.az\/az\/wp-json\/wp\/v2\/comments?post=3665"}],"version-history":[{"count":4,"href":"https:\/\/allstar.az\/az\/wp-json\/wp\/v2\/pages\/3665\/revisions"}],"predecessor-version":[{"id":5609,"href":"https:\/\/allstar.az\/az\/wp-json\/wp\/v2\/pages\/3665\/revisions\/5609"}],"up":[{"embeddable":true,"href":"https:\/\/allstar.az\/az\/wp-json\/wp\/v2\/pages\/3504"}],"wp:attachment":[{"href":"https:\/\/allstar.az\/az\/wp-json\/wp\/v2\/media?parent=3665"}],"curies":[{"name":"wp","href":"https:\/\/api.w.org\/{rel}","templated":true}]}}