{"id":3935,"date":"2015-03-10T15:26:07","date_gmt":"2015-03-10T11:26:07","guid":{"rendered":"http:\/\/allstar.az\/?page_id=3935"},"modified":"2015-05-12T16:07:31","modified_gmt":"2015-05-12T12:07:31","slug":"personnel","status":"publish","type":"page","link":"https:\/\/allstar.az\/az\/personnel\/","title":{"rendered":"Personal"},"content":{"rendered":"<p><strong>Ba\u015f direktor:<\/strong> F\u0259xri Mustafayev \u00a0<strong>Tel<\/strong>: 012\u00a0510 22 32 (ext 201)<\/p>\n<p><strong>Ba\u015f m\u00fchasib:<\/strong> G\u00fclxar Hac\u0131yeva \u00a0 <strong>Tel:<\/strong> 012\u00a0510 22 32 (ext\u00a0205)<\/p>\n<p><strong>Qura\u015fd\u0131rma departamenti r\u0259isi:<\/strong> Turqut \u018fliyev \u00a0<strong>Tel:<\/strong> 012\u00a0510 22 32 (ext 203)<\/p>\n<p><strong>Sat\u0131\u015f departamenti r\u0259isi :<\/strong> B\u0259xtiyar Z\u0259rb\u0259liyev\u00a0 <strong>Tel:<\/strong> 012\u00a0510 22 32 (ext\u00a0213)<\/p>\n<p><strong>Servis xidm\u0259ti r\u0259isi :<\/strong>\u00a0Taras Gerasimov\u00a0<strong>Tel:<\/strong> 012\u00a0510 70 76<\/p>\n<p><strong>Marketinq menecer:<\/strong>\u00a0Teymur \u0130smay\u0131lov\u00a0<strong>Tel:<\/strong> 012\u00a0510 22 32 (ext 207)<\/p>\n<p>&nbsp;<\/p>\n","protected":false},"excerpt":{"rendered":"<p>Ba\u015f direktor: F\u0259xri Mustafayev \u00a0Tel: 012\u00a0510 22 32 (ext 201) Ba\u015f m\u00fchasib: G\u00fclxar Hac\u0131yeva \u00a0 Tel: 012\u00a0510 22 32 (ext\u00a0205) Qura\u015fd\u0131rma departamenti r\u0259isi: Turqut \u018fliyev \u00a0Tel:<span class=\"excerpt-hellip\"> [\u2026]<\/span><\/p>\n","protected":false},"author":1,"featured_media":0,"parent":0,"menu_order":0,"comment_status":"open","ping_status":"open","template":"","meta":{"footnotes":""},"class_list":["post-3935","page","type-page","status-publish","hentry"],"_links":{"self":[{"href":"https:\/\/allstar.az\/az\/wp-json\/wp\/v2\/pages\/3935","targetHints":{"allow":["GET"]}}],"collection":[{"href":"https:\/\/allstar.az\/az\/wp-json\/wp\/v2\/pages"}],"about":[{"href":"https:\/\/allstar.az\/az\/wp-json\/wp\/v2\/types\/page"}],"author":[{"embeddable":true,"href":"https:\/\/allstar.az\/az\/wp-json\/wp\/v2\/users\/1"}],"replies":[{"embeddable":true,"href":"https:\/\/allstar.az\/az\/wp-json\/wp\/v2\/comments?post=3935"}],"version-history":[{"count":10,"href":"https:\/\/allstar.az\/az\/wp-json\/wp\/v2\/pages\/3935\/revisions"}],"predecessor-version":[{"id":4953,"href":"https:\/\/allstar.az\/az\/wp-json\/wp\/v2\/pages\/3935\/revisions\/4953"}],"wp:attachment":[{"href":"https:\/\/allstar.az\/az\/wp-json\/wp\/v2\/media?parent=3935"}],"curies":[{"name":"wp","href":"https:\/\/api.w.org\/{rel}","templated":true}]}}