{"id":11185,"date":"2020-02-08T10:12:38","date_gmt":"2020-02-08T06:12:38","guid":{"rendered":"https:\/\/allstar.az\/product\/socar-kimyaci-concert-hall\/"},"modified":"2020-06-27T16:38:58","modified_gmt":"2020-06-27T12:38:58","slug":"socar-kimyaci-concert-hall","status":"publish","type":"product","link":"https:\/\/allstar.az\/az\/product\/socar-kimyaci-concert-hall\/","title":{"rendered":"ARDN\u015e &#8220;Kimya\u00e7\u0131&#8221; konsert salonu"},"content":{"rendered":"<p><strong>ALLSTAR company provided customer with full solution and\u00a0 design of the concert hall. During implementation of the project , ALLSTAR company installed acoustic panels, armchairs, special acoustic floor cover, stage, lighting, audio and video equipment.<\/strong><\/p>\n<p><strong>In this project were used equipment of following manufacturers:<\/strong><\/p>\n<p><strong>Stage equipment; Chain Master, Mode, Global Truss,<\/strong><\/p>\n<p><strong>Lighting equipment ; Coemar, ETC, ROBE, Proel, Imlight, Martin<\/strong><\/p>\n<p><strong>Audio equipment; Electro-Voice, Dynacord, Midas<\/strong><\/p>\n<p><strong>Video equipment; Panasonic<\/strong><\/p>\n","protected":false},"excerpt":{"rendered":"<p>ALLSTAR company provided customer with full solution and\u00a0 design of the concert hall. During implementation of the project , ALLSTAR company installed acoustic panels, armchairs, special<span class=\"excerpt-hellip\"> [\u2026]<\/span><\/p>\n","protected":false},"featured_media":11187,"comment_status":"open","ping_status":"closed","template":"","meta":[],"product_cat":[496],"product_tag":[],"class_list":["post-11185","product","type-product","status-publish","has-post-thumbnail","hentry","product_cat-concert-halls-az"],"_links":{"self":[{"href":"https:\/\/allstar.az\/az\/wp-json\/wp\/v2\/product\/11185","targetHints":{"allow":["GET"]}}],"collection":[{"href":"https:\/\/allstar.az\/az\/wp-json\/wp\/v2\/product"}],"about":[{"href":"https:\/\/allstar.az\/az\/wp-json\/wp\/v2\/types\/product"}],"replies":[{"embeddable":true,"href":"https:\/\/allstar.az\/az\/wp-json\/wp\/v2\/comments?post=11185"}],"wp:featuredmedia":[{"embeddable":true,"href":"https:\/\/allstar.az\/az\/wp-json\/wp\/v2\/media\/11187"}],"wp:attachment":[{"href":"https:\/\/allstar.az\/az\/wp-json\/wp\/v2\/media?parent=11185"}],"wp:term":[{"taxonomy":"product_cat","embeddable":true,"href":"https:\/\/allstar.az\/az\/wp-json\/wp\/v2\/product_cat?post=11185"},{"taxonomy":"product_tag","embeddable":true,"href":"https:\/\/allstar.az\/az\/wp-json\/wp\/v2\/product_tag?post=11185"}],"curies":[{"name":"wp","href":"https:\/\/api.w.org\/{rel}","templated":true}]}}