{"id":11225,"date":"2020-02-08T11:31:10","date_gmt":"2020-02-08T07:31:10","guid":{"rendered":"https:\/\/allstar.az\/product\/in-xxi-century-international-education-and-innovation-centre\/"},"modified":"2024-09-17T09:51:42","modified_gmt":"2024-09-17T05:51:42","slug":"in-xxi-century-international-education-and-innovation-centre","status":"publish","type":"product","link":"https:\/\/allstar.az\/az\/product\/in-xxi-century-international-education-and-innovation-centre\/","title":{"rendered":"XXI \u018fsr Beyn\u0259lxalq T\u0259hsil v\u0259 \u0130nnovasiya M\u0259rk\u0259zi"},"content":{"rendered":"<p>21-ci \u0259srd\u0259 Beyn\u0259lxalq T\u0259hsil v\u0259 \u0130nnovasiyalar M\u0259rk\u0259zind\u0259 Allstar t\u0259r\u0259find\u0259n t\u0259qdim olunan audio v\u0259 i\u015f\u0131qland\u0131rma avadanl\u0131qlar\u0131 qura\u015fd\u0131r\u0131lm\u0131\u015fd\u0131r.<br \/>\nElectro Voice audio sistemi u\u011furla qura\u015fd\u0131r\u0131ld\u0131.<br \/>\nQura\u015fd\u0131rma zaman\u0131 y\u00fcks\u0259k keyfiyy\u0259tli SOMMER kabell\u0259rind\u0259n istifad\u0259 olunub.<br \/>\nPROEL firmas\u0131n\u0131n RGB LED lampalar\u0131 qura\u015fd\u0131r\u0131l\u0131b.<\/p>\n","protected":false},"excerpt":{"rendered":"<p>21-ci \u0259srd\u0259 Beyn\u0259lxalq T\u0259hsil v\u0259 \u0130nnovasiyalar M\u0259rk\u0259zind\u0259 Allstar t\u0259r\u0259find\u0259n t\u0259qdim olunan audio v\u0259 i\u015f\u0131qland\u0131rma avadanl\u0131qlar\u0131 qura\u015fd\u0131r\u0131lm\u0131\u015fd\u0131r. Electro Voice audio sistemi u\u011furla qura\u015fd\u0131r\u0131ld\u0131. Qura\u015fd\u0131rma zaman\u0131 y\u00fcks\u0259k keyfiyy\u0259tli<span class=\"excerpt-hellip\"> [\u2026]<\/span><\/p>\n","protected":false},"featured_media":17708,"comment_status":"open","ping_status":"closed","template":"","meta":[],"product_cat":[495],"product_tag":[],"class_list":["post-11225","product","type-product","status-publish","has-post-thumbnail","hentry","product_cat-education-az"],"_links":{"self":[{"href":"https:\/\/allstar.az\/az\/wp-json\/wp\/v2\/product\/11225","targetHints":{"allow":["GET"]}}],"collection":[{"href":"https:\/\/allstar.az\/az\/wp-json\/wp\/v2\/product"}],"about":[{"href":"https:\/\/allstar.az\/az\/wp-json\/wp\/v2\/types\/product"}],"replies":[{"embeddable":true,"href":"https:\/\/allstar.az\/az\/wp-json\/wp\/v2\/comments?post=11225"}],"wp:featuredmedia":[{"embeddable":true,"href":"https:\/\/allstar.az\/az\/wp-json\/wp\/v2\/media\/17708"}],"wp:attachment":[{"href":"https:\/\/allstar.az\/az\/wp-json\/wp\/v2\/media?parent=11225"}],"wp:term":[{"taxonomy":"product_cat","embeddable":true,"href":"https:\/\/allstar.az\/az\/wp-json\/wp\/v2\/product_cat?post=11225"},{"taxonomy":"product_tag","embeddable":true,"href":"https:\/\/allstar.az\/az\/wp-json\/wp\/v2\/product_tag?post=11225"}],"curies":[{"name":"wp","href":"https:\/\/api.w.org\/{rel}","templated":true}]}}