{"id":11317,"date":"2020-02-08T12:37:16","date_gmt":"2020-02-08T08:37:16","guid":{"rendered":"https:\/\/allstar.az\/product\/darchin-restaurant\/"},"modified":"2020-06-27T12:46:16","modified_gmt":"2020-06-27T08:46:16","slug":"darchin-restaurant","status":"publish","type":"product","link":"https:\/\/allstar.az\/az\/product\/darchin-restaurant\/","title":{"rendered":"Dar\u00e7\u0131n Restoran\u0131"},"content":{"rendered":"<h5><strong>Were installed\u00a0audio equipment: ELECTRO-VOICE EKX-15, ELECTRO-VOICE\u00a0Q44, PROEL M1622USB, ELECTRO-VOICE R-300,and liqghting equipment:\u00a0PROEL\u00a0PLLCD64RGB,\u00a0X\u0130NYU PL23,\u00a0X\u0130NYU PL59,\u00a0X\u0130NYU\u00a0VS24,\u00a0X\u0130NYU\u00a0VS7,\u00a0PROEL\u00a0PLCNDX.<\/strong><\/h5>\n","protected":false},"excerpt":{"rendered":"<p>Were installed\u00a0audio equipment: ELECTRO-VOICE EKX-15, ELECTRO-VOICE\u00a0Q44, PROEL M1622USB, ELECTRO-VOICE R-300,and liqghting equipment:\u00a0PROEL\u00a0PLLCD64RGB,\u00a0X\u0130NYU PL23,\u00a0X\u0130NYU PL59,\u00a0X\u0130NYU\u00a0VS24,\u00a0X\u0130NYU\u00a0VS7,\u00a0PROEL\u00a0PLCNDX.<\/p>\n","protected":false},"featured_media":11308,"comment_status":"open","ping_status":"closed","template":"","meta":[],"product_cat":[492],"product_tag":[],"class_list":["post-11317","product","type-product","status-publish","has-post-thumbnail","hentry","product_cat-restaurants-az"],"_links":{"self":[{"href":"https:\/\/allstar.az\/az\/wp-json\/wp\/v2\/product\/11317","targetHints":{"allow":["GET"]}}],"collection":[{"href":"https:\/\/allstar.az\/az\/wp-json\/wp\/v2\/product"}],"about":[{"href":"https:\/\/allstar.az\/az\/wp-json\/wp\/v2\/types\/product"}],"replies":[{"embeddable":true,"href":"https:\/\/allstar.az\/az\/wp-json\/wp\/v2\/comments?post=11317"}],"wp:featuredmedia":[{"embeddable":true,"href":"https:\/\/allstar.az\/az\/wp-json\/wp\/v2\/media\/11308"}],"wp:attachment":[{"href":"https:\/\/allstar.az\/az\/wp-json\/wp\/v2\/media?parent=11317"}],"wp:term":[{"taxonomy":"product_cat","embeddable":true,"href":"https:\/\/allstar.az\/az\/wp-json\/wp\/v2\/product_cat?post=11317"},{"taxonomy":"product_tag","embeddable":true,"href":"https:\/\/allstar.az\/az\/wp-json\/wp\/v2\/product_tag?post=11317"}],"curies":[{"name":"wp","href":"https:\/\/api.w.org\/{rel}","templated":true}]}}