{"id":11448,"date":"2020-02-08T15:26:26","date_gmt":"2020-02-08T11:26:26","guid":{"rendered":"https:\/\/allstar.az\/product\/astara-customs-office\/"},"modified":"2020-06-27T16:54:29","modified_gmt":"2020-06-27T12:54:29","slug":"astara-customs-office","status":"publish","type":"product","link":"https:\/\/allstar.az\/az\/product\/astara-customs-office\/","title":{"rendered":"Astara G\u00f6mr\u00fck \u0130dar\u0259si"},"content":{"rendered":"<h5>Were installed Taiden\u00a0HCS-4100\u00a0conference system, Kramer\u00a0VP-161XL\u00a0\u00a0Computer Graphics Video &amp; Balanced Stereo Audio Switcher\u00a0,\u00a0Kramer\u00a0TBUS-5DE\/220V , Kramer\u00a0VP-400K,\u00a0Kramer\u00a0VP-701XL Computer Graphics Video &amp; HDTV Scan Converter,\u00a0Kramer\u00a0RC-\u0130R1 Infra-Red Controller,\u00a0Proel\u00a0M 16USB mixer,\u00a0Proel\u00a0HPA 450 power amplifier\u00a0, JBL\u00a0Control CRV WH Loudspeaker,\u00a0AKG\u00a0WMS40 Vocal Single\u00a0<strong>Mini Single Vocal Set<\/strong>.<\/h5>\n","protected":false},"excerpt":{"rendered":"<p>Were installed Taiden\u00a0HCS-4100\u00a0conference system, Kramer\u00a0VP-161XL\u00a0\u00a0Computer Graphics Video &amp; Balanced Stereo Audio Switcher\u00a0,\u00a0Kramer\u00a0TBUS-5DE\/220V , Kramer\u00a0VP-400K,\u00a0Kramer\u00a0VP-701XL Computer Graphics Video &amp; HDTV Scan Converter,\u00a0Kramer\u00a0RC-\u0130R1 Infra-Red Controller,\u00a0Proel\u00a0M 16USB mixer,\u00a0Proel\u00a0HPA 450<span class=\"excerpt-hellip\"> [\u2026]<\/span><\/p>\n","protected":false},"featured_media":11431,"comment_status":"open","ping_status":"closed","template":"","meta":[],"product_cat":[497],"product_tag":[],"class_list":["post-11448","product","type-product","status-publish","has-post-thumbnail","hentry","product_cat-conference-systems-az"],"_links":{"self":[{"href":"https:\/\/allstar.az\/az\/wp-json\/wp\/v2\/product\/11448","targetHints":{"allow":["GET"]}}],"collection":[{"href":"https:\/\/allstar.az\/az\/wp-json\/wp\/v2\/product"}],"about":[{"href":"https:\/\/allstar.az\/az\/wp-json\/wp\/v2\/types\/product"}],"replies":[{"embeddable":true,"href":"https:\/\/allstar.az\/az\/wp-json\/wp\/v2\/comments?post=11448"}],"wp:featuredmedia":[{"embeddable":true,"href":"https:\/\/allstar.az\/az\/wp-json\/wp\/v2\/media\/11431"}],"wp:attachment":[{"href":"https:\/\/allstar.az\/az\/wp-json\/wp\/v2\/media?parent=11448"}],"wp:term":[{"taxonomy":"product_cat","embeddable":true,"href":"https:\/\/allstar.az\/az\/wp-json\/wp\/v2\/product_cat?post=11448"},{"taxonomy":"product_tag","embeddable":true,"href":"https:\/\/allstar.az\/az\/wp-json\/wp\/v2\/product_tag?post=11448"}],"curies":[{"name":"wp","href":"https:\/\/api.w.org\/{rel}","templated":true}]}}