{"id":14554,"date":"2020-06-23T18:08:25","date_gmt":"2020-06-23T14:08:25","guid":{"rendered":"https:\/\/allstar.az\/product\/young-spectators-theater\/"},"modified":"2026-02-18T18:20:39","modified_gmt":"2026-02-18T14:20:39","slug":"young-spectators-theater","status":"publish","type":"product","link":"https:\/\/allstar.az\/az\/product\/young-spectators-theater\/","title":{"rendered":"Az\u0259rbaycan D\u00f6vl\u0259t G\u0259nc Tama\u015fa\u00e7\u0131lar Teatr\u0131"},"content":{"rendered":"","protected":false},"excerpt":{"rendered":"","protected":false},"featured_media":14553,"comment_status":"open","ping_status":"closed","template":"","meta":[],"product_cat":[501],"product_tag":[],"class_list":["post-14554","product","type-product","status-publish","has-post-thumbnail","hentry","product_cat-theaters-az"],"_links":{"self":[{"href":"https:\/\/allstar.az\/az\/wp-json\/wp\/v2\/product\/14554","targetHints":{"allow":["GET"]}}],"collection":[{"href":"https:\/\/allstar.az\/az\/wp-json\/wp\/v2\/product"}],"about":[{"href":"https:\/\/allstar.az\/az\/wp-json\/wp\/v2\/types\/product"}],"replies":[{"embeddable":true,"href":"https:\/\/allstar.az\/az\/wp-json\/wp\/v2\/comments?post=14554"}],"wp:featuredmedia":[{"embeddable":true,"href":"https:\/\/allstar.az\/az\/wp-json\/wp\/v2\/media\/14553"}],"wp:attachment":[{"href":"https:\/\/allstar.az\/az\/wp-json\/wp\/v2\/media?parent=14554"}],"wp:term":[{"taxonomy":"product_cat","embeddable":true,"href":"https:\/\/allstar.az\/az\/wp-json\/wp\/v2\/product_cat?post=14554"},{"taxonomy":"product_tag","embeddable":true,"href":"https:\/\/allstar.az\/az\/wp-json\/wp\/v2\/product_tag?post=14554"}],"curies":[{"name":"wp","href":"https:\/\/api.w.org\/{rel}","templated":true}]}}