{"id":15855,"date":"2021-10-13T16:52:03","date_gmt":"2021-10-13T12:52:03","guid":{"rendered":"https:\/\/allstar.az\/product\/creativity-center-for-people\/"},"modified":"2026-02-18T18:17:49","modified_gmt":"2026-02-18T14:17:49","slug":"creativity-center-for-people","status":"publish","type":"product","link":"https:\/\/allstar.az\/az\/product\/creativity-center-for-people\/","title":{"rendered":"&#8220;Dost&#8221; Inclusive Development and Creativity Center"},"content":{"rendered":"","protected":false},"excerpt":{"rendered":"<p>\u2018\u2019Dost\u2019\u2019 \u0130nkl\u00fcziv \u0130nki\u015faf v\u0259 Yarad\u0131c\u0131l\u0131q M\u0259rk\u0259zinin teatr zal\u0131nda i\u015f\u0131q, s\u0259s v\u0259 video sisteml\u0259rinin qura\u015fd\u0131r\u0131lm\u0131\u015fd\u0131r.<br \/>\nS\u0259hn\u0259nin texnoloji i\u015f\u0131q sistemind\u0259 Xinyu, Prolights, brendl\u0259rinin i\u015f\u0131q avadanl\u0131qlar\u0131ndan istifad\u0259 edilmi\u015fdir.<br \/>\nS\u0259hn\u0259nin texnoloji s\u0259s g\u00fccl\u0259ndirm\u0259 sistemind\u0259 DAD, Electro-Voice Allien&amp;Heats, Shure, Sennheiser, Adam Audio, Neuman, Behringer brendl\u0259rinin audio sisteml\u0259rind\u0259n istifad\u0259 edilmi\u015fdir.<br \/>\nS\u0259hn\u0259nin texnoloji video avadanl\u0131\u011f\u0131nda Panasonic, Blackmagic, Marshall, Bestvision brendl\u0259rinin video sisteml\u0259rind\u0259n istifad\u0131 edilmi\u015fdir.<\/p>\n","protected":false},"featured_media":15973,"comment_status":"open","ping_status":"closed","template":"","meta":[],"product_cat":[496,501],"product_tag":[],"class_list":["post-15855","product","type-product","status-publish","has-post-thumbnail","hentry","product_cat-concert-halls-az","product_cat-theaters-az"],"_links":{"self":[{"href":"https:\/\/allstar.az\/az\/wp-json\/wp\/v2\/product\/15855","targetHints":{"allow":["GET"]}}],"collection":[{"href":"https:\/\/allstar.az\/az\/wp-json\/wp\/v2\/product"}],"about":[{"href":"https:\/\/allstar.az\/az\/wp-json\/wp\/v2\/types\/product"}],"replies":[{"embeddable":true,"href":"https:\/\/allstar.az\/az\/wp-json\/wp\/v2\/comments?post=15855"}],"wp:featuredmedia":[{"embeddable":true,"href":"https:\/\/allstar.az\/az\/wp-json\/wp\/v2\/media\/15973"}],"wp:attachment":[{"href":"https:\/\/allstar.az\/az\/wp-json\/wp\/v2\/media?parent=15855"}],"wp:term":[{"taxonomy":"product_cat","embeddable":true,"href":"https:\/\/allstar.az\/az\/wp-json\/wp\/v2\/product_cat?post=15855"},{"taxonomy":"product_tag","embeddable":true,"href":"https:\/\/allstar.az\/az\/wp-json\/wp\/v2\/product_tag?post=15855"}],"curies":[{"name":"wp","href":"https:\/\/api.w.org\/{rel}","templated":true}]}}