{"id":16618,"date":"2023-10-17T10:09:57","date_gmt":"2023-10-17T06:09:57","guid":{"rendered":"https:\/\/allstar.az\/?post_type=product&#038;p=16618"},"modified":"2026-02-18T18:14:44","modified_gmt":"2026-02-18T14:14:44","slug":"yamaha-dbr12","status":"publish","type":"product","link":"https:\/\/allstar.az\/az\/product\/yamaha-dbr12\/","title":{"rendered":"YAMAHA DBR12"},"content":{"rendered":"<p><strong>Teknik \u00d6zellikler<\/strong><br \/>\n<strong>Sistem T\u00fcr\u00fc:<\/strong>\u00a02 yollu, \u00e7ift amplifikat\u00f6rl\u00fc hoparl\u00f6r, bas refleks tipi<br \/>\n<strong>LF Driver:\u00a0<\/strong>12&#8221; koni, 2&#8221; ses bobini, Ferrit M\u0131knat\u0131s<br \/>\n<strong>HF S\u00fcr\u00fcc\u00fcs\u00fc:<\/strong>\u00a01,4&#8221; s\u0131k\u0131\u015ft\u0131rma s\u00fcr\u00fcc\u00fcs\u00fc, 1&#8221; bo\u011faz, Ferrit M\u0131knat\u0131s<br \/>\n<strong>Kapsama A\u00e7\u0131s\u0131:<\/strong>\u00a090\u00b0 x 60\u00b0 sabit y\u00f6nlendirme boynuzu (Y x D)<br \/>\n<strong>Frekans Aral\u0131\u011f\u0131:<\/strong>\u00a052Hz &#8211; 20kHz (-10dB)<br \/>\n<strong>Maksimum SPL:\u00a0<\/strong>131dB SPL (1m, eksen \u00fczerinde)<br \/>\n<strong>\u00c7\u0131k\u0131\u015f g\u00fcc\u00fc:<\/strong><br \/>\n<strong>Dinamik:<\/strong>\u00a01000W (LF: 800W, HF: 200W)<br \/>\n<strong>S\u00fcrekli:<\/strong>\u00a0465 W (LF: 400 W, HF: 65 W)<br \/>\n<strong>Ge\u00e7i\u015f Tipi<\/strong>: FIR-X Tuning&#x2122; (Do\u011frusal faz FIR filtresi)<br \/>\n<strong>Ge\u00e7i\u015f Frekans\u0131:<\/strong>\u00a02.1kHz<br \/>\n<strong>\u0130\u015fleme:<\/strong>\u00a0D-KONTUR<br \/>\nFOH\/ANA<br \/>\nMON\u0130T\u00d6R<br \/>\nKAPALI<br \/>\n<strong>Kontroller:<\/strong><br \/>\nD\u00fczey (x 2)<br \/>\nHat \/ Mikrofon<br \/>\nHPF<br \/>\nD-KONTUR<br \/>\nTHRU\/KARI\u015eTIRMA<br \/>\nG\u00fc\u00e7<br \/>\n<strong>Giri\u015f Konnekt\u00f6rleri:<\/strong><br \/>\nGiri\u015f 1: Kombo x 1<br \/>\nGiri\u015f 2: Kombo x 1, RCA x 2 (dengesiz)<br \/>\n\u00c7\u0131k\u0131\u015f Konnekt\u00f6rleri: XLR3-32 x 1 (CH1 Paralel Ge\u00e7i\u015fli veya CH1 + CH2 Kar\u0131\u015f\u0131m\u0131)<br \/>\nGiri\u015f Empedans\u0131:<br \/>\nGiri\u015f 1: 3 k Ohm (XLR, TRS)<br \/>\nGiri\u015f 2: 10 k Ohm (XLR, TRS, RCA)<br \/>\nGiri\u015f Hassasiyeti: Seviye &#8211; Maksimum<br \/>\nGiri\u015f 1 &#8211; Hat: 0dBu<br \/>\nGiri\u015f 1 &#8211; Mikrofon: -32dBu<br \/>\nGiri\u015f 2: 0dBu<br \/>\nGiri\u015f Hassasiyeti: Seviye &#8211; Merkez<br \/>\nGiri\u015f 1 &#8211; Hat: +10dBu<br \/>\nGiri\u015f 1 &#8211; Mikrofon: -22dBu<br \/>\nGiri\u015f 2: +10dBu<br \/>\nMaksimum Giri\u015f Seviyesi:<br \/>\nGiri\u015f 1 &#8211; Hat: +24dBu<br \/>\nGiri\u015f 1 &#8211; Mikrofon: -8dBu<br \/>\nGiri\u015f 2: +24dBu<br \/>\nKat Monit\u00f6r A\u00e7\u0131s\u0131: 50\u00b0 Simetrik<br \/>\n<strong>Kabin:<\/strong><br \/>\nMalzeme: Plastik<br \/>\nBitirmek: Siyah<br \/>\nDirek Soketi: 35mm (alt x 1)<br \/>\nKulp: Yan x 2<br \/>\n<strong>Donan\u0131m Noktalar\u0131<\/strong>: Alt x 2, Arka x 1 (M8 x 15mm mapalara uyar)<br \/>\n<strong>So\u011futma:<\/strong>\u00a0Fanl\u0131 so\u011futma, 4 h\u0131z<br \/>\n<strong>G\u00fc\u00e7 Gereksinimleri:<\/strong>\u00a0220-240V, 50Hz\/60Hz<br \/>\n<strong>1\/8 G\u00fc\u00e7 T\u00fcketimi:<\/strong>\u00a074W<br \/>\n<strong>Boyutlar:<\/strong>\u00a0376 mm x 601 mm x 348 mm \/ 14,8&#8221; x 23,7&#8221; x 13,7&#8221; (G x Y x D) (lastik ayaklarla)<br \/>\n<strong>A\u011f\u0131rl\u0131k:<\/strong>\u00a015,8 kg \/ 34,8 lb<\/p>\n","protected":false},"excerpt":{"rendered":"<p>Teknik \u00d6zellikler Sistem T\u00fcr\u00fc:\u00a02 yollu, \u00e7ift amplifikat\u00f6rl\u00fc hoparl\u00f6r, bas refleks tipi LF Driver:\u00a012&#8221; koni, 2&#8221; ses bobini, Ferrit M\u0131knat\u0131s HF S\u00fcr\u00fcc\u00fcs\u00fc:\u00a01,4&#8221; s\u0131k\u0131\u015ft\u0131rma s\u00fcr\u00fcc\u00fcs\u00fc, 1&#8221; bo\u011faz, Ferrit<span class=\"excerpt-hellip\"> [\u2026]<\/span><\/p>\n","protected":false},"featured_media":16619,"comment_status":"open","ping_status":"closed","template":"","meta":[],"product_cat":[136],"product_tag":[],"class_list":["post-16618","product","type-product","status-publish","has-post-thumbnail","hentry","product_cat-ses-kalonkalari"],"_links":{"self":[{"href":"https:\/\/allstar.az\/az\/wp-json\/wp\/v2\/product\/16618","targetHints":{"allow":["GET"]}}],"collection":[{"href":"https:\/\/allstar.az\/az\/wp-json\/wp\/v2\/product"}],"about":[{"href":"https:\/\/allstar.az\/az\/wp-json\/wp\/v2\/types\/product"}],"replies":[{"embeddable":true,"href":"https:\/\/allstar.az\/az\/wp-json\/wp\/v2\/comments?post=16618"}],"wp:featuredmedia":[{"embeddable":true,"href":"https:\/\/allstar.az\/az\/wp-json\/wp\/v2\/media\/16619"}],"wp:attachment":[{"href":"https:\/\/allstar.az\/az\/wp-json\/wp\/v2\/media?parent=16618"}],"wp:term":[{"taxonomy":"product_cat","embeddable":true,"href":"https:\/\/allstar.az\/az\/wp-json\/wp\/v2\/product_cat?post=16618"},{"taxonomy":"product_tag","embeddable":true,"href":"https:\/\/allstar.az\/az\/wp-json\/wp\/v2\/product_tag?post=16618"}],"curies":[{"name":"wp","href":"https:\/\/api.w.org\/{rel}","templated":true}]}}