{"id":16998,"date":"2019-04-08T11:00:35","date_gmt":"2019-04-08T07:00:35","guid":{"rendered":"https:\/\/allstar.az\/product\/dsppa\/"},"modified":"2024-03-28T21:00:57","modified_gmt":"2024-03-28T17:00:57","slug":"dsppa","status":"publish","type":"product","link":"https:\/\/allstar.az\/az\/product\/dsppa\/","title":{"rendered":"DSPPA MP600PIII"},"content":{"rendered":"<h4 class=\"title\">250W 3 Mic &amp; 2 AUX Mixing Amplifier<\/h4>\n<table border=\"1\">\n<tbody>\n<tr>\n<td>Model<\/td>\n<td>MP600PIII<\/td>\n<\/tr>\n<tr>\n<td>Rated output<\/td>\n<td>250W<\/td>\n<\/tr>\n<tr>\n<td>Speaker output<\/td>\n<td>70V, 100V &amp; 4-16 \u03a9,<\/td>\n<\/tr>\n<tr>\n<td>Input sensitivity<\/td>\n<td>Mic2,3 : 600\u03a9, \u22643mV, unbalanced ;AUX1,2,MIC1 : 10k\u03a9, \u2264300mV<\/td>\n<\/tr>\n<tr>\n<td>Frequency response<\/td>\n<td>50Hz -16kHz (\u00b13dB)<\/td>\n<\/tr>\n<tr>\n<td>Distortion<\/td>\n<td>&lt; 1%\u00a0 at 1kHz , 1\/3rated output voltage<\/td>\n<\/tr>\n<tr>\n<td>The ratio of signal to noise<\/td>\n<td>Mic1,2 and 3 : &gt;75dB ;AUX1 and 2 : &gt; 80dB<\/td>\n<\/tr>\n<tr>\n<td>Protection<\/td>\n<td>AC fuse; DC voltage; overload; short-circuit.<\/td>\n<\/tr>\n<tr>\n<td>Power requirements<\/td>\n<td>AC 220V-240V\/50Hz-60Hz<\/td>\n<\/tr>\n<tr>\n<td>Power consumption<\/td>\n<td>500W<\/td>\n<\/tr>\n<tr>\n<td>Outer Packing Size (mm)<\/td>\n<td>(L\u00d7W\u00d7H)520\u00d7430\u00d7195<\/td>\n<\/tr>\n<tr>\n<td>Unit Size (mm)<\/td>\n<td>(L\u00d7W\u00d7H)420\u00d7338\u00d788<\/td>\n<\/tr>\n<tr>\n<td>Gross weight<\/td>\n<td>10.3kg<\/td>\n<\/tr>\n<\/tbody>\n<\/table>\n","protected":false},"excerpt":{"rendered":"<p>250W 3 Mic &amp; 2 AUX Mixing Amplifier Model MP600PIII Rated output 250W Speaker output 70V, 100V &amp; 4-16 \u03a9, Input sensitivity Mic2,3 : 600\u03a9, \u22643mV,<span class=\"excerpt-hellip\"> [\u2026]<\/span><\/p>\n","protected":false},"featured_media":16997,"comment_status":"open","ping_status":"closed","template":"","meta":[],"product_cat":[479,433,522],"product_tag":[],"class_list":["post-16998","product","type-product","status-publish","has-post-thumbnail","hentry","product_cat-dsppa-az","product_cat-guclendirici-az","product_cat-zone-amplifier-and-mixer-amplifier-az"],"_links":{"self":[{"href":"https:\/\/allstar.az\/az\/wp-json\/wp\/v2\/product\/16998","targetHints":{"allow":["GET"]}}],"collection":[{"href":"https:\/\/allstar.az\/az\/wp-json\/wp\/v2\/product"}],"about":[{"href":"https:\/\/allstar.az\/az\/wp-json\/wp\/v2\/types\/product"}],"replies":[{"embeddable":true,"href":"https:\/\/allstar.az\/az\/wp-json\/wp\/v2\/comments?post=16998"}],"wp:featuredmedia":[{"embeddable":true,"href":"https:\/\/allstar.az\/az\/wp-json\/wp\/v2\/media\/16997"}],"wp:attachment":[{"href":"https:\/\/allstar.az\/az\/wp-json\/wp\/v2\/media?parent=16998"}],"wp:term":[{"taxonomy":"product_cat","embeddable":true,"href":"https:\/\/allstar.az\/az\/wp-json\/wp\/v2\/product_cat?post=16998"},{"taxonomy":"product_tag","embeddable":true,"href":"https:\/\/allstar.az\/az\/wp-json\/wp\/v2\/product_tag?post=16998"}],"curies":[{"name":"wp","href":"https:\/\/api.w.org\/{rel}","templated":true}]}}