{"id":18221,"date":"2025-04-07T14:40:49","date_gmt":"2025-04-07T10:40:49","guid":{"rendered":"https:\/\/allstar.az\/?post_type=product&#038;p=18221"},"modified":"2025-04-07T14:44:06","modified_gmt":"2025-04-07T10:44:06","slug":"nine-senses-jw-marriott","status":"publish","type":"product","link":"https:\/\/allstar.az\/az\/product\/nine-senses-jw-marriott\/","title":{"rendered":"Nine Senses JW Marriott"},"content":{"rendered":"<p>*Nine Senses JW Marriott Layih\u0259si &#8211; Avadanl\u0131qlar:*<\/p>\n<p>Bu layih\u0259d\u0259 a\u015fa\u011f\u0131dak\u0131 y\u00fcks\u0259k keyfiyy\u0259tli avadanl\u0131qlardan istifad\u0259 edilmi\u015fdir:<\/p>\n<p>&#8211; *S\u0259s sistemi:*<br \/>\n&#8211; Yamaha (RX-A4A receiver, MG10XU mixer)<br \/>\n&#8211; Electro-Voice (EVOLVE30M-W portativ sistem, EVID C8.2D dinamikl\u0259r)<br \/>\n&#8211; Sennheiser (mikrofonlar)<br \/>\n&#8211; RCF (tavan dinamikl\u0259ri)<\/p>\n<p>&#8211; *\u0130\u015f\u0131qland\u0131rma:*<br \/>\n&#8211; Xinyu (LED Panell\u0259r)<br \/>\n&#8211; DMX Controller<\/p>\n<p>&#8211; *Proyeksiya:*<br \/>\n&#8211; Epson lazer projektor v\u0259 ekran<\/p>\n<p>&#8211; *Dig\u0259r:*<br \/>\n&#8211; Lenovo noutbuk<br \/>\n&#8211; DSPPA amplifikator<br \/>\n&#8211; Sommer kabell\u0259r<\/p>\n<p>Avadanl\u0131qlar\u0131n qura\u015fd\u0131r\u0131lmas\u0131 v\u0259 t\u0259nziml\u0259nm\u0259si &#8220;ALLSTAR&#8221; MMC t\u0259r\u0259find\u0259n h\u0259yata ke\u00e7irilmi\u015fdir.<\/p>\n","protected":false},"excerpt":{"rendered":"<p>*Nine Senses JW Marriott Layih\u0259si &#8211; Avadanl\u0131qlar:* Bu layih\u0259d\u0259 a\u015fa\u011f\u0131dak\u0131 y\u00fcks\u0259k keyfiyy\u0259tli avadanl\u0131qlardan istifad\u0259 edilmi\u015fdir: &#8211; *S\u0259s sistemi:* &#8211; Yamaha (RX-A4A receiver, MG10XU mixer) &#8211; Electro-Voice<span class=\"excerpt-hellip\"> [\u2026]<\/span><\/p>\n","protected":false},"featured_media":18222,"comment_status":"open","ping_status":"closed","template":"","meta":[],"product_cat":[494],"product_tag":[],"class_list":["post-18221","product","type-product","status-publish","has-post-thumbnail","hentry","product_cat-hotels-az"],"_links":{"self":[{"href":"https:\/\/allstar.az\/az\/wp-json\/wp\/v2\/product\/18221","targetHints":{"allow":["GET"]}}],"collection":[{"href":"https:\/\/allstar.az\/az\/wp-json\/wp\/v2\/product"}],"about":[{"href":"https:\/\/allstar.az\/az\/wp-json\/wp\/v2\/types\/product"}],"replies":[{"embeddable":true,"href":"https:\/\/allstar.az\/az\/wp-json\/wp\/v2\/comments?post=18221"}],"wp:featuredmedia":[{"embeddable":true,"href":"https:\/\/allstar.az\/az\/wp-json\/wp\/v2\/media\/18222"}],"wp:attachment":[{"href":"https:\/\/allstar.az\/az\/wp-json\/wp\/v2\/media?parent=18221"}],"wp:term":[{"taxonomy":"product_cat","embeddable":true,"href":"https:\/\/allstar.az\/az\/wp-json\/wp\/v2\/product_cat?post=18221"},{"taxonomy":"product_tag","embeddable":true,"href":"https:\/\/allstar.az\/az\/wp-json\/wp\/v2\/product_tag?post=18221"}],"curies":[{"name":"wp","href":"https:\/\/api.w.org\/{rel}","templated":true}]}}