{"id":18484,"date":"2026-04-04T13:29:01","date_gmt":"2026-04-04T09:29:01","guid":{"rendered":"https:\/\/allstar.az\/?post_type=product&#038;p=18484"},"modified":"2026-04-04T13:29:01","modified_gmt":"2026-04-04T09:29:01","slug":"yamaha-u1j-pec-akustik-piano-cilalanmis-qara-console-design-banketka","status":"publish","type":"product","link":"https:\/\/allstar.az\/az\/product\/yamaha-u1j-pec-akustik-piano-cilalanmis-qara-console-design-banketka\/","title":{"rendered":"Yamaha U1J PEC Akustik Piano \u2013 Cilalanm\u0131\u015f Qara (Console Design) + Banketka"},"content":{"rendered":"<p data-path-to-node=\"6\"><b data-path-to-node=\"6\" data-index-in-node=\"0\">\u018fsas \u00dcst\u00fcnl\u00fckl\u0259r:<\/b><\/p>\n<ul data-path-to-node=\"7\">\n<li>\n<p data-path-to-node=\"7,0,0\"><b data-path-to-node=\"7,0,0\" data-index-in-node=\"0\">Klassik &#8220;Console&#8221; Dizayn:<\/b> Dekorativ ayaqlar v\u0259 z\u0259rif x\u0259tl\u0259rl\u0259 z\u0259nginl\u0259\u015fdirilmi\u015f &#8220;Polished Ebony&#8221; (Cilalanm\u0131\u015f Qara) korpus.<\/p>\n<\/li>\n<li>\n<p data-path-to-node=\"7,1,0\"><b data-path-to-node=\"7,1,0\" data-index-in-node=\"0\">Pe\u015f\u0259kar Mexanizm:<\/b> Tam \u00e7\u0259kili \u00e7\u0259kic mexanizmal\u0131 klaviatura il\u0259 m\u00fck\u0259mm\u0259l toxunu\u015f h\u0259ssasl\u0131\u011f\u0131.<\/p>\n<\/li>\n<li>\n<p data-path-to-node=\"7,2,0\"><b data-path-to-node=\"7,2,0\" data-index-in-node=\"0\">Z\u0259ngin Akustika:<\/b> 131 sm h\u00fcnd\u00fcrl\u00fckd\u0259ki qabla\u015fd\u0131rma \u00f6l\u00e7\u00fcs\u00fc daxili siml\u0259rin uzunlu\u011funu v\u0259 s\u0259s l\u00f6vh\u0259sinin geni\u015fliyini t\u0259min ed\u0259r\u0259k dol\u011fun s\u0259s yarad\u0131r.<\/p>\n<\/li>\n<li>\n<p data-path-to-node=\"7,3,0\"><b data-path-to-node=\"7,3,0\" data-index-in-node=\"0\">Komplektasiya:<\/b> Orijinal Yamaha banketkas\u0131 (oturacaq) d\u0259st\u0259 daxildir.<\/p>\n<\/li>\n<li>\n<p data-path-to-node=\"7,4,0\"><b data-path-to-node=\"7,4,0\" data-index-in-node=\"0\">Pedallar:<\/b> \u00dc\u00e7l\u00fc professional pedal sistemi.<\/p>\n<\/li>\n<\/ul>\n<p data-path-to-node=\"8\"><b data-path-to-node=\"8\" data-index-in-node=\"0\">Texniki G\u00f6st\u0259ricil\u0259r:<\/b><\/p>\n<ul data-path-to-node=\"9\">\n<li>\n<p data-path-to-node=\"9,0,0\"><b data-path-to-node=\"9,0,0\" data-index-in-node=\"0\">N\u00f6v:<\/b> Akustik Dik Piano (Upright Piano).<\/p>\n<\/li>\n<li>\n<p data-path-to-node=\"9,1,0\"><b data-path-to-node=\"9,1,0\" data-index-in-node=\"0\">Qabla\u015fd\u0131rma \u00e7\u0259kisi:<\/b> 266 kq.<\/p>\n<\/li>\n<li>\n<p data-path-to-node=\"9,2,0\"><b data-path-to-node=\"9,2,0\" data-index-in-node=\"0\">Qabla\u015fd\u0131rma \u00f6l\u00e7\u00fcl\u0259ri:<\/b> 157 sm (Uzunluq) x 69 sm (En) x 131 sm (H\u00fcnd\u00fcrl\u00fck).<\/p>\n<\/li>\n<\/ul>\n","protected":false},"excerpt":{"rendered":"<p>Yamaha U1J PEC modeli, d\u00fcnya \u015f\u00f6hr\u0259tli &#8220;U&#8221; seriyas\u0131n\u0131n \u00fcst\u00fcn s\u0259s keyfiyy\u0259tini klassik &#8220;Console&#8221; dizayn\u0131 il\u0259 birl\u0259\u015fdirir. Bu modelin f\u0259rql\u0259ndirici c\u0259h\u0259ti onun inc\u0259 i\u015fl\u0259nmi\u015f qabaq ayaqlar\u0131 v\u0259 estetik korpusudur ki, bu da onu h\u0259m pe\u015f\u0259kar musiqi al\u0259ti, h\u0259m d\u0259 interyerin d\u0259y\u0259rli bir hiss\u0259si edir.<\/p>\n","protected":false},"featured_media":18485,"comment_status":"open","ping_status":"closed","template":"","meta":[],"product_cat":[420],"product_tag":[],"class_list":["post-18484","product","type-product","status-publish","has-post-thumbnail","hentry","product_cat-musical-instruments"],"_links":{"self":[{"href":"https:\/\/allstar.az\/az\/wp-json\/wp\/v2\/product\/18484","targetHints":{"allow":["GET"]}}],"collection":[{"href":"https:\/\/allstar.az\/az\/wp-json\/wp\/v2\/product"}],"about":[{"href":"https:\/\/allstar.az\/az\/wp-json\/wp\/v2\/types\/product"}],"replies":[{"embeddable":true,"href":"https:\/\/allstar.az\/az\/wp-json\/wp\/v2\/comments?post=18484"}],"wp:featuredmedia":[{"embeddable":true,"href":"https:\/\/allstar.az\/az\/wp-json\/wp\/v2\/media\/18485"}],"wp:attachment":[{"href":"https:\/\/allstar.az\/az\/wp-json\/wp\/v2\/media?parent=18484"}],"wp:term":[{"taxonomy":"product_cat","embeddable":true,"href":"https:\/\/allstar.az\/az\/wp-json\/wp\/v2\/product_cat?post=18484"},{"taxonomy":"product_tag","embeddable":true,"href":"https:\/\/allstar.az\/az\/wp-json\/wp\/v2\/product_tag?post=18484"}],"curies":[{"name":"wp","href":"https:\/\/api.w.org\/{rel}","templated":true}]}}