{"id":18509,"date":"2026-04-11T09:51:21","date_gmt":"2026-04-11T05:51:21","guid":{"rendered":"https:\/\/allstar.az\/?post_type=product&#038;p=18509"},"modified":"2026-04-11T09:51:21","modified_gmt":"2026-04-11T05:51:21","slug":"yamaha-u1jcp-sdw-akustik-piano-satin-dark-walnut-banketka-daxil","status":"publish","type":"product","link":"https:\/\/allstar.az\/az\/product\/yamaha-u1jcp-sdw-akustik-piano-satin-dark-walnut-banketka-daxil\/","title":{"rendered":"Yamaha U1JCP SDW Akustik Piano \u2013 Satin Dark Walnut (Banketka daxil)"},"content":{"rendered":"<p data-path-to-node=\"5\"><b data-path-to-node=\"5\" data-index-in-node=\"0\">\u018fsas \u00dcst\u00fcnl\u00fckl\u0259r:<\/b><\/p>\n<ul data-path-to-node=\"6\">\n<li>\n<p data-path-to-node=\"6,0,0\"><b data-path-to-node=\"6,0,0\" data-index-in-node=\"0\">Ekskl\u00fcziv \u00d6rt\u00fck:<\/b> Mat t\u00fcnd qoz a\u011fac\u0131 r\u0259ngind\u0259 l\u00fcks korpus.<\/p>\n<\/li>\n<li>\n<p data-path-to-node=\"6,1,0\"><b data-path-to-node=\"6,1,0\" data-index-in-node=\"0\">Console Dizayn:<\/b> Klassik \u00fcslubda i\u015fl\u0259nmi\u015f dekorativ ayaqlar.<\/p>\n<\/li>\n<li>\n<p data-path-to-node=\"6,2,0\"><b data-path-to-node=\"6,2,0\" data-index-in-node=\"0\">Pe\u015f\u0259kar Mexanizm:<\/b> Tam \u00e7\u0259kili \u00e7\u0259kic mexanizmal\u0131 klaviatura il\u0259 d\u0259qiq toxunu\u015f h\u0259ssasl\u0131\u011f\u0131.<\/p>\n<\/li>\n<li>\n<p data-path-to-node=\"6,3,0\"><b data-path-to-node=\"6,3,0\" data-index-in-node=\"0\">Z\u0259ngin Akustika:<\/b> B\u00f6y\u00fck s\u0259s l\u00f6vh\u0259si say\u0259sind\u0259 \u0259ld\u0259 edil\u0259n d\u0259rin v\u0259 dol\u011fun akustik s\u0259s.<\/p>\n<\/li>\n<li>\n<p data-path-to-node=\"6,4,0\"><b data-path-to-node=\"6,4,0\" data-index-in-node=\"0\">Komplektasiya:<\/b> Al\u0259tin r\u0259ngin\u0259 v\u0259 teksturas\u0131na uy\u011fun orijinal Yamaha banketkas\u0131 (oturacaq) daxildir.<\/p>\n<\/li>\n<\/ul>\n<p data-path-to-node=\"7\"><b data-path-to-node=\"7\" data-index-in-node=\"0\">Texniki G\u00f6st\u0259ricil\u0259r:<\/b><\/p>\n<ul data-path-to-node=\"8\">\n<li>\n<p data-path-to-node=\"8,0,0\"><b data-path-to-node=\"8,0,0\" data-index-in-node=\"0\">N\u00f6v:<\/b> Akustik Dik Piano (Upright Piano).<\/p>\n<\/li>\n<li>\n<p data-path-to-node=\"8,1,0\"><b data-path-to-node=\"8,1,0\" data-index-in-node=\"0\">Pedallar:<\/b> \u00dc\u00e7l\u00fc professional pedal sistemi.<\/p>\n<\/li>\n<li>\n<p data-path-to-node=\"8,2,0\"><b data-path-to-node=\"8,2,0\" data-index-in-node=\"0\">Qabla\u015fd\u0131rma \u00e7\u0259kisi:<\/b> 266 kq.<\/p>\n<\/li>\n<li>\n<p data-path-to-node=\"8,3,0\"><b data-path-to-node=\"8,3,0\" data-index-in-node=\"0\">Qabla\u015fd\u0131rma \u00f6l\u00e7\u00fcl\u0259ri:<\/b> 160 sm (Uzunluq) x 69 sm (En) x 129 sm (H\u00fcnd\u00fcrl\u00fck).<\/p>\n<\/li>\n<\/ul>\n","protected":false},"excerpt":{"rendered":"<p>Yamaha U1JCP SDW modeli d\u00fcnya \u015f\u00f6hr\u0259tli &#8220;U&#8221; seriyas\u0131n\u0131n texniki g\u00fcc\u00fcn\u00fc klassik v\u0259 z\u0259rif dizaynla birl\u0259\u015fdirir. <b data-path-to-node=\"4\" data-index-in-node=\"109\">Satin Dark Walnut<\/b> (Mat T\u00fcnd Qoz) \u00f6rt\u00fcy\u00fc al\u0259t\u0259 t\u0259bii a\u011fac istiliyi verir v\u0259 par\u0131lt\u0131s\u0131z, mat teksturas\u0131 il\u0259 aristokratik bir g\u00f6r\u00fcn\u00fc\u015f yarad\u0131r. &#8220;Console&#8221; dizaynl\u0131 qabaq ayaqlar\u0131 is\u0259 onu h\u0259m m\u00fck\u0259mm\u0259l musiqi al\u0259ti, h\u0259m d\u0259 inc\u0259 bir mebel s\u0259n\u0259ti n\u00fcmun\u0259sin\u0259 \u00e7evirir.<\/p>\n","protected":false},"featured_media":18508,"comment_status":"open","ping_status":"closed","template":"","meta":[],"product_cat":[420],"product_tag":[],"class_list":["post-18509","product","type-product","status-publish","has-post-thumbnail","hentry","product_cat-musical-instruments"],"_links":{"self":[{"href":"https:\/\/allstar.az\/az\/wp-json\/wp\/v2\/product\/18509","targetHints":{"allow":["GET"]}}],"collection":[{"href":"https:\/\/allstar.az\/az\/wp-json\/wp\/v2\/product"}],"about":[{"href":"https:\/\/allstar.az\/az\/wp-json\/wp\/v2\/types\/product"}],"replies":[{"embeddable":true,"href":"https:\/\/allstar.az\/az\/wp-json\/wp\/v2\/comments?post=18509"}],"wp:featuredmedia":[{"embeddable":true,"href":"https:\/\/allstar.az\/az\/wp-json\/wp\/v2\/media\/18508"}],"wp:attachment":[{"href":"https:\/\/allstar.az\/az\/wp-json\/wp\/v2\/media?parent=18509"}],"wp:term":[{"taxonomy":"product_cat","embeddable":true,"href":"https:\/\/allstar.az\/az\/wp-json\/wp\/v2\/product_cat?post=18509"},{"taxonomy":"product_tag","embeddable":true,"href":"https:\/\/allstar.az\/az\/wp-json\/wp\/v2\/product_tag?post=18509"}],"curies":[{"name":"wp","href":"https:\/\/api.w.org\/{rel}","templated":true}]}}