{"id":16313,"date":"2023-02-13T16:09:37","date_gmt":"2023-02-13T12:09:37","guid":{"rendered":"https:\/\/allstar.az\/?post_type=product&#038;p=16313"},"modified":"2026-02-18T18:17:03","modified_gmt":"2026-02-18T14:17:03","slug":"5-icar%c9%99li-komplekt","status":"publish","type":"product","link":"https:\/\/allstar.az\/en\/product\/5-icar%c9%99li-komplekt\/","title":{"rendered":"5 &#8211; icar\u0259li komplekt"},"content":{"rendered":"<table width=\"882\">\n<tbody>\n<tr>\n<td width=\"44\">\u2116<\/td>\n<td width=\"272\">Mal\u0131n ad\u0131<\/td>\n<td width=\"285\">Model kodu<\/td>\n<td width=\"83\">Miqdar\u0131<\/td>\n<td width=\"101\">Qiym\u0259ti<\/td>\n<td width=\"97\">M\u0259bl\u0259\u011fi<\/td>\n<\/tr>\n<tr>\n<td width=\"44\">1<\/td>\n<td width=\"272\">S\u0259s kalonkas\u0131<\/td>\n<td>Electrovoice ZLX12P\u00a0 aktiv (12d\u00fcym)<\/td>\n<td>2<\/td>\n<td>\u00a0\u00a0\u00a0\u00a0\u00a0\u00a0\u00a0\u00a0\u00a0 44.00<\/td>\n<td width=\"97\">\u00a0\u00a0\u00a0\u00a0\u00a0\u00a0\u00a0\u00a0\u00a0\u00a0 88.00<\/td>\n<\/tr>\n<tr>\n<td width=\"44\">2<\/td>\n<td width=\"272\">S\u0259s kalonkas\u0131 (Monitor)<\/td>\n<td>Electrovoice ZLX12P\u00a0 aktiv (12d\u00fcym)<\/td>\n<td>1<\/td>\n<td>\u00a0\u00a0\u00a0\u00a0\u00a0\u00a0\u00a0\u00a0\u00a0 44.00<\/td>\n<td width=\"97\">\u00a0\u00a0\u00a0\u00a0\u00a0\u00a0\u00a0\u00a0\u00a0\u00a0 44.00<\/td>\n<\/tr>\n<tr>\n<td width=\"44\">3<\/td>\n<td width=\"272\">S\u0259s pultu<\/td>\n<td>Proel M822USB<\/td>\n<td>1<\/td>\n<td>\u00a0\u00a0\u00a0\u00a0\u00a0\u00a0\u00a0\u00a0\u00a0 44.00<\/td>\n<td width=\"97\">\u00a0\u00a0\u00a0\u00a0\u00a0\u00a0\u00a0\u00a0\u00a0\u00a0 44.00<\/td>\n<\/tr>\n<tr>\n<td width=\"44\">4<\/td>\n<td width=\"272\">\u015enurlu mikrofon<\/td>\n<td>Electro Voice PL44<\/td>\n<td>1<\/td>\n<td>\u00a0\u00a0\u00a0\u00a0\u00a0\u00a0\u00a0\u00a0\u00a0 22.00<\/td>\n<td width=\"97\">\u00a0\u00a0\u00a0\u00a0\u00a0\u00a0\u00a0\u00a0\u00a0\u00a0 22.00<\/td>\n<\/tr>\n<tr>\n<td width=\"44\">5<\/td>\n<td width=\"272\">Kolonka \u00fcc\u00fcn dayaq<\/td>\n<td>Proel SPSK300BK<\/td>\n<td>2<\/td>\n<td>\u00a0\u00a0\u00a0\u00a0\u00a0\u00a0\u00a0\u00a0\u00a0 11.00<\/td>\n<td width=\"97\">\u00a0\u00a0\u00a0\u00a0\u00a0\u00a0\u00a0\u00a0\u00a0\u00a0 22.00<\/td>\n<\/tr>\n<tr>\n<td width=\"44\">6<\/td>\n<td width=\"272\">Mikrofon\u00a0 \u00fcc\u00fcn dayaq<\/td>\n<td>Proel PRO200BK<\/td>\n<td>1<\/td>\n<td>\u00a0\u00a0\u00a0\u00a0\u00a0\u00a0\u00a0\u00a0\u00a0 11.00<\/td>\n<td width=\"97\">\u00a0\u00a0\u00a0\u00a0\u00a0\u00a0\u00a0\u00a0\u00a0\u00a0 11.00<\/td>\n<\/tr>\n<tr>\n<td width=\"44\">7<\/td>\n<td width=\"272\">Pipitr<\/td>\n<td>Proel RSM360M<\/td>\n<td>1<\/td>\n<td>\u00a0\u00a0\u00a0\u00a0\u00a0\u00a0\u00a0\u00a0\u00a0 11.00<\/td>\n<td width=\"97\">\u00a0\u00a0\u00a0\u00a0\u00a0\u00a0\u00a0\u00a0\u00a0\u00a0 11.00<\/td>\n<\/tr>\n<\/tbody>\n<\/table>\n<p><span style=\"color: #ff0000;\"><strong>\u018fDV 18% qiym\u0259t\u0259 daxildir.<\/strong><\/span><\/p>\n","protected":false},"excerpt":{"rendered":"<p>\u2116 Mal\u0131n ad\u0131 Model kodu Miqdar\u0131 Qiym\u0259ti M\u0259bl\u0259\u011fi 1 S\u0259s kalonkas\u0131 Electrovoice ZLX12P\u00a0 aktiv (12d\u00fcym) 2 \u00a0\u00a0\u00a0\u00a0\u00a0\u00a0\u00a0\u00a0\u00a0 44.00 \u00a0\u00a0\u00a0\u00a0\u00a0\u00a0\u00a0\u00a0\u00a0\u00a0 88.00 2 S\u0259s kalonkas\u0131 (Monitor) Electrovoice ZLX12P\u00a0<span class=\"excerpt-hellip\"> [\u2026]<\/span><\/p>\n","protected":false},"featured_media":16221,"comment_status":"open","ping_status":"closed","template":"","meta":[],"product_cat":[302],"product_tag":[],"class_list":["post-16313","product","type-product","status-publish","has-post-thumbnail","hentry","product_cat-ayliq-icareler"],"_links":{"self":[{"href":"https:\/\/allstar.az\/en\/wp-json\/wp\/v2\/product\/16313","targetHints":{"allow":["GET"]}}],"collection":[{"href":"https:\/\/allstar.az\/en\/wp-json\/wp\/v2\/product"}],"about":[{"href":"https:\/\/allstar.az\/en\/wp-json\/wp\/v2\/types\/product"}],"replies":[{"embeddable":true,"href":"https:\/\/allstar.az\/en\/wp-json\/wp\/v2\/comments?post=16313"}],"wp:featuredmedia":[{"embeddable":true,"href":"https:\/\/allstar.az\/en\/wp-json\/wp\/v2\/media\/16221"}],"wp:attachment":[{"href":"https:\/\/allstar.az\/en\/wp-json\/wp\/v2\/media?parent=16313"}],"wp:term":[{"taxonomy":"product_cat","embeddable":true,"href":"https:\/\/allstar.az\/en\/wp-json\/wp\/v2\/product_cat?post=16313"},{"taxonomy":"product_tag","embeddable":true,"href":"https:\/\/allstar.az\/en\/wp-json\/wp\/v2\/product_tag?post=16313"}],"curies":[{"name":"wp","href":"https:\/\/api.w.org\/{rel}","templated":true}]}}