{"id":16455,"date":"2023-10-10T11:41:11","date_gmt":"2023-10-10T07:41:11","guid":{"rendered":"https:\/\/allstar.az\/product\/ev-elx115p\/"},"modified":"2026-02-18T18:15:31","modified_gmt":"2026-02-18T14:15:31","slug":"ev-elx115p","status":"publish","type":"product","link":"https:\/\/allstar.az\/en\/product\/ev-elx115p\/","title":{"rendered":"Electro-voice ELX115P"},"content":{"rendered":"<div><strong>Genel \u00d6zellikler<\/strong><\/div>\n<div>\n<div>\n<ul>\n<li>ELX115 Amfili Performans<\/li>\n<li>44 Hz \u2013 20 kHz Frekans Aral\u0131\u011f\u0131<\/li>\n<li>D\u00fc\u015f\u00fck a\u011f\u0131rl\u0131k, so\u011futmal\u0131 1000 W Class D amp<\/li>\n<li>Biamped 24 dB\/oktav crossover<\/li>\n<li>D\u00f6n\u00fc\u015ft\u00fcr\u00fcc\u00fc Korumas\u0131<\/li>\n<li>Harici sub bass i\u00e7in Bypass Y\u00fcksek-pass<\/li>\n<li>XLR, TRS, ve RCA Ba\u011flant\u0131lar<\/li>\n<li>\u00c7ok Y\u00f6nl\u00fc gain, mixing, ve s\u00fcre\u00e7 kontrol\u00fc<\/li>\n<li>Paralel \u00c7\u0131k\u0131\u015flar<\/li>\n<\/ul>\n<\/div>\n<div><strong>Teknik \u00d6zellikler<\/strong><\/div>\n<div>\n<div><\/div>\n<div>\n<ul>\n<li><b>D\u0131\u015f Materyal:\u00a0<\/b>9-ply, 15mm Plywood, Doku Boyama Teknni\u011fi ile i\u00e7ten destekli<\/li>\n<li><b>Renk:<\/b>\u00a0Siyah<\/li>\n<li><b>Nominal Empedans:\u00a0<\/b>8 \u03a9<\/li>\n<li><b>G\u00fc\u00e7:<\/b>\u00a01000 W<\/li>\n<li><b>Hoparl\u00f6r Tipi:<\/b>\u00a0Full-range, iki yollu, wedges<\/li>\n<li><b>Bass Hacmi:\u00a0<\/b>381 mm (15&#8243;)<\/li>\n<li><b>Frekans Aral\u0131\u011f\u0131 (-3 dB):\u00a0<\/b>56 &#8211; 18000 Hz<\/li>\n<li><b>Frekans Aral\u0131\u011f\u0131 (-10 dB):\u00a0<\/b>44 &#8211; 20000 Hz<\/li>\n<li><b>Dahili Crossover:\u00a0<\/b>Evet<\/li>\n<li><b>Max. SPL\/1m (calc):\u00a0<\/b>134 dB<\/li>\n<li><b>A\u00e7\u0131 (Nominal -6 dB) H:\u00a0<\/b>90 \u00b0<\/li>\n<li><b>A\u00e7\u0131 (Nominal -6 dB) V:\u00a0<\/b>50 \u00b0<\/li>\n<li><b>LF D\u00f6n\u00fc\u015ft\u00fcr\u00fcc\u00fc:\u00a0<\/b>(1) EVS-12K, 381mm (15&#8243;) Woofer<\/li>\n<li><b>HF D\u00f6n\u00fc\u015ft\u00fcr\u00fcc\u00fc:\u00a0<\/b>DH-1K, 39mm (1.5&#8243;) Titanyum Diyafram G\u00fc\u00e7l\u00fc S\u00fcr\u00fcc\u00fcler<\/li>\n<li><b>Crossover Frekans\u0131:\u00a0<\/b>1.7 k Hz<\/li>\n<li><b>Konekt\u00f6r Tipi:\u00a0<\/b>Parallel Neutrik\u00ae NL4, (2) XLR\/TRS Combo Jack, (1) Stereo RCA, (1) XLR Link Output<\/li>\n<li><b>Grill:\u00a0<\/b>18GA \u00c7elik<\/li>\n<\/ul>\n<\/div>\n<div><\/div>\n<div><strong>Fiziksel \u00d6zellikler<\/strong><\/div>\n<div>\n<ul>\n<li>Y\u00fckseklik: 708 mm (27.87&#8243;)<\/li>\n<li>Geni\u015flik: 432 mm (17.01&#8243;)<\/li>\n<li>Derinlik: 382 mm (15.04&#8243;)<\/li>\n<li>A\u011f\u0131rl\u0131k (Net): 22.5 kg (49.6 lbs)<\/li>\n<\/ul>\n<\/div>\n<\/div>\n<\/div>\n","protected":false},"excerpt":{"rendered":"<p>Genel \u00d6zellikler ELX115 Amfili Performans 44 Hz \u2013 20 kHz Frekans Aral\u0131\u011f\u0131 D\u00fc\u015f\u00fck a\u011f\u0131rl\u0131k, so\u011futmal\u0131 1000 W Class D amp Biamped 24 dB\/oktav crossover D\u00f6n\u00fc\u015ft\u00fcr\u00fcc\u00fc Korumas\u0131<span class=\"excerpt-hellip\"> [\u2026]<\/span><\/p>\n","protected":false},"featured_media":16454,"comment_status":"open","ping_status":"closed","template":"","meta":[],"product_cat":[447,350,432],"product_tag":[386],"class_list":["post-16455","product","type-product","status-publish","has-post-thumbnail","hentry","product_cat-electro-voice-2","product_cat-powered-loudspeakers","product_cat-ses-kalonkalari-2","product_tag-updated-on-14-05-2024"],"_links":{"self":[{"href":"https:\/\/allstar.az\/en\/wp-json\/wp\/v2\/product\/16455","targetHints":{"allow":["GET"]}}],"collection":[{"href":"https:\/\/allstar.az\/en\/wp-json\/wp\/v2\/product"}],"about":[{"href":"https:\/\/allstar.az\/en\/wp-json\/wp\/v2\/types\/product"}],"replies":[{"embeddable":true,"href":"https:\/\/allstar.az\/en\/wp-json\/wp\/v2\/comments?post=16455"}],"wp:featuredmedia":[{"embeddable":true,"href":"https:\/\/allstar.az\/en\/wp-json\/wp\/v2\/media\/16454"}],"wp:attachment":[{"href":"https:\/\/allstar.az\/en\/wp-json\/wp\/v2\/media?parent=16455"}],"wp:term":[{"taxonomy":"product_cat","embeddable":true,"href":"https:\/\/allstar.az\/en\/wp-json\/wp\/v2\/product_cat?post=16455"},{"taxonomy":"product_tag","embeddable":true,"href":"https:\/\/allstar.az\/en\/wp-json\/wp\/v2\/product_tag?post=16455"}],"curies":[{"name":"wp","href":"https:\/\/api.w.org\/{rel}","templated":true}]}}