{"id":16600,"date":"2024-10-25T10:37:03","date_gmt":"2024-10-25T06:37:03","guid":{"rendered":"https:\/\/allstar.az\/product\/yamaha-dbr15\/"},"modified":"2026-02-18T18:05:57","modified_gmt":"2026-02-18T14:05:57","slug":"yamaha-dbr15","status":"publish","type":"product","link":"https:\/\/allstar.az\/en\/product\/yamaha-dbr15\/","title":{"rendered":"YAMAHA DBR15"},"content":{"rendered":"<div><b>Yamaha DBR-15 Aktif Hoparl\u00f6r<\/b><\/div>\n<div><\/div>\n<div>DBR15 en \u00fcst s\u0131n\u0131fa ait bir kabindir. 132dB&#8217;e kadar SPL g\u00fcc\u00fcne sahiptir ve kaliteli frekans aral\u0131\u011f\u0131 sunar. Yamaha kalitesinin \u00fcr\u00fcn\u00fc olan DBR15 DBR Serisi hoparl\u00f6rlerin en b\u00fcy\u00fck bass hacmine sahip \u00fcyesidir. Dj etkinlikleri, canl\u0131 m\u00fczik performanslar\u0131 ve dinleti m\u00fczik yay\u0131nlar\u0131 i\u00e7in en do\u011fru tercih olacakt\u0131r.<\/div>\n<div><\/div>\n<div><b>Genel \u00d6zellikleri<\/b><\/div>\n<div><\/div>\n<div>Hoparl\u00f6r Tipi:\u00a0 2 Yollu Bi-amp Aktif Kabin (Bass reflex)<\/div>\n<div>Frekans Aral\u0131\u011f\u0131: 50Hz \u2013 20kHz<\/div>\n<div>Bass Hoparl\u00f6r: 15&#8243; &#8211; 2.5&#8243;Coil<\/div>\n<div>Tiz Hoparl\u00f6r: 1.4&#8243; &#8211; 1&#8243; Driver<\/div>\n<div>Crossover: 2.1kHz: FIR-X tuning\u2122 (linear phase FIR filtre)<\/div>\n<div>\u00c7\u0131k\u0131\u015f G\u00fcc\u00fc: Dinamik 1000W (Bass: 800 W, Tiz: 200 W) \/ Continuous: 465 W (Bass: 400 W, Tiz: 65 W)<\/div>\n<div>Maksimum \u00c7\u0131k\u0131\u015f Seviyesi (1m; on axis): 132 dB SPL<\/div>\n<div>\u0130\u015flemciler: D-CONTOUR: FOH\/MAIN, MONITOR, OFF<\/div>\n<div>G\u00fc\u00e7 Gereksinimi: 100 V, 100-120V, 220-240 V, 110\/127\/220V<\/div>\n<div>G\u00fc\u00e7 T\u00fcketimi: 74W, 18W(Idle)<\/div>\n<div>Kabin Materyali: Plastik<\/div>\n<div>Renk: Siyah<\/div>\n<div>As\u0131labilirlik ve Aparat: Bottom x 2, Rear x 1 (Fit for M8 x 15 mm eyebolts)<\/div>\n<div>Giri\u015f Soketi: 35 mm (Bottom x 1)<\/div>\n<div><\/div>\n<div><b>Teknik \u00d6zellikleri<\/b><\/div>\n<div><\/div>\n<div>I\/O Konekt\u00f6rleri<\/div>\n<div>Giri\u015f 1: Combo x1,<\/div>\n<div>Giri\u015f 2: Combo x 1 + RCA pin x 2 (Balanss\u0131z)<\/div>\n<div>\u00c7\u0131k\u0131\u015f: XLR3-32 x 1 (CH1 Paralel ba\u011flant\u0131 veya CH1+CH2 Mix)<\/div>\n<div>Fiziksel \u00d6zellikler<\/div>\n<div>Geni\u015flik: 455 mm<\/div>\n<div>Y\u00fckseklik: 700 mm<\/div>\n<div>Derinlik: 378 mm<\/div>\n<div>A\u011f\u0131rl\u0131k: 19.3 kg<\/div>\n","protected":false},"excerpt":{"rendered":"<p>Yamaha DBR-15 Aktif Hoparl\u00f6r DBR15 en \u00fcst s\u0131n\u0131fa ait bir kabindir. 132dB&#8217;e kadar SPL g\u00fcc\u00fcne sahiptir ve kaliteli frekans aral\u0131\u011f\u0131 sunar. Yamaha kalitesinin \u00fcr\u00fcn\u00fc olan DBR15<span class=\"excerpt-hellip\"> [\u2026]<\/span><\/p>\n","protected":false},"featured_media":17121,"comment_status":"open","ping_status":"closed","template":"","meta":[],"product_cat":[350,432,327],"product_tag":[],"class_list":["post-16600","product","type-product","status-publish","has-post-thumbnail","hentry","product_cat-powered-loudspeakers","product_cat-ses-kalonkalari-2","product_cat-yamaha"],"_links":{"self":[{"href":"https:\/\/allstar.az\/en\/wp-json\/wp\/v2\/product\/16600","targetHints":{"allow":["GET"]}}],"collection":[{"href":"https:\/\/allstar.az\/en\/wp-json\/wp\/v2\/product"}],"about":[{"href":"https:\/\/allstar.az\/en\/wp-json\/wp\/v2\/types\/product"}],"replies":[{"embeddable":true,"href":"https:\/\/allstar.az\/en\/wp-json\/wp\/v2\/comments?post=16600"}],"wp:featuredmedia":[{"embeddable":true,"href":"https:\/\/allstar.az\/en\/wp-json\/wp\/v2\/media\/17121"}],"wp:attachment":[{"href":"https:\/\/allstar.az\/en\/wp-json\/wp\/v2\/media?parent=16600"}],"wp:term":[{"taxonomy":"product_cat","embeddable":true,"href":"https:\/\/allstar.az\/en\/wp-json\/wp\/v2\/product_cat?post=16600"},{"taxonomy":"product_tag","embeddable":true,"href":"https:\/\/allstar.az\/en\/wp-json\/wp\/v2\/product_tag?post=16600"}],"curies":[{"name":"wp","href":"https:\/\/api.w.org\/{rel}","templated":true}]}}