{"id":16604,"date":"2024-10-25T10:50:23","date_gmt":"2024-10-25T06:50:23","guid":{"rendered":"https:\/\/allstar.az\/product\/yamaha-dxr15mkll\/"},"modified":"2026-02-18T18:05:57","modified_gmt":"2026-02-18T14:05:57","slug":"yamaha-dxr15mkll","status":"publish","type":"product","link":"https:\/\/allstar.az\/en\/product\/yamaha-dxr15mkll\/","title":{"rendered":"YAMAHA DXR15mkll"},"content":{"rendered":"<p>Boxa Activa Yamaha DXR15 MKII<\/p>\n<p>Yamaha DXR-15 mk2<br \/>\nBox\u0103 activa bi-amplificat\u0103<\/p>\n<p>Woofer 15&#8243;<br \/>\nDriver \u00eenalte cu diafragm\u0103 de 1.75&#8243;<br \/>\nDispersie: 90 x 60\u00b0<br \/>\nAmplificatoare clasa D<br \/>\nPutere 1100 W dinamic\u0103 (950W joase+150W \u00eenalte),<br \/>\nPutere continu\u0103: 700W continuu (600W joase, 100W \u00eenalte)<br \/>\nR\u0103spuns \u00een frecven\u021ba: 49-20,000 Hz<br \/>\nSPL maxim: 134 dB<br \/>\nIntrare XLR, jack (TS), RCA (x2)<br \/>\nIe\u0219ire pe XLR (thru)<br \/>\nProcesor D-Contour<br \/>\nCrossover FIR-X tuning(TM)<br \/>\nConsum: 110W<br \/>\nMontaj: 2x sus, 1x jos (M10 x 18mm)<br \/>\nDimensiuni: 445mm x 700mm x 380mm<br \/>\nGreutate: 21.8 kg<br \/>\nAccesorii incluse: Prindere \u00een form\u0103 de U &#8211; UB-DXR15<\/p>\n<div class=\"tabel1\">\n<table class=\"table-data-sheet\">\n<tbody>\n<tr class=\"odd\">\n<td class=\"col col-lg-3\">BRAND<\/td>\n<td class=\"col col-lg-3\">YAMAHA<\/td>\n<\/tr>\n<tr class=\"even\">\n<td class=\"col col-lg-3\">PUTERE RMS<\/td>\n<td class=\"col col-lg-3\">700W<\/td>\n<\/tr>\n<tr class=\"odd\">\n<td class=\"col col-lg-3\">GREUTATE NETA<\/td>\n<td class=\"col col-lg-3\">21.8 kg<\/td>\n<\/tr>\n<\/tbody>\n<\/table>\n<\/div>\n<div class=\"tabel2\">\n<table class=\"table-data-sheet\">\n<tbody>\n<tr class=\"even\">\n<td class=\"col col-lg-3 \">BANDA DE FRECVENTE<\/td>\n<td class=\"col col-lg-3\">49-20,000 Hz<\/td>\n<\/tr>\n<tr class=\"odd\">\n<td class=\"col col-lg-3 \">CULOARE<\/td>\n<td class=\"col col-lg-3\">NEGRU<\/td>\n<\/tr>\n<tr class=\"even\">\n<td class=\"col col-lg-3 \">DIMENSIUNI<\/td>\n<td class=\"col col-lg-3\">445mm x 700mm x 380mm<\/td>\n<\/tr>\n<\/tbody>\n<\/table>\n<\/div>\n","protected":false},"excerpt":{"rendered":"<p>Boxa Activa Yamaha DXR15 MKII Yamaha DXR-15 mk2 Box\u0103 activa bi-amplificat\u0103 Woofer 15&#8243; Driver \u00eenalte cu diafragm\u0103 de 1.75&#8243; Dispersie: 90 x 60\u00b0 Amplificatoare clasa D<span class=\"excerpt-hellip\"> [\u2026]<\/span><\/p>\n","protected":false},"featured_media":17123,"comment_status":"open","ping_status":"closed","template":"","meta":[],"product_cat":[350,432,327],"product_tag":[],"class_list":["post-16604","product","type-product","status-publish","has-post-thumbnail","hentry","product_cat-powered-loudspeakers","product_cat-ses-kalonkalari-2","product_cat-yamaha"],"_links":{"self":[{"href":"https:\/\/allstar.az\/en\/wp-json\/wp\/v2\/product\/16604","targetHints":{"allow":["GET"]}}],"collection":[{"href":"https:\/\/allstar.az\/en\/wp-json\/wp\/v2\/product"}],"about":[{"href":"https:\/\/allstar.az\/en\/wp-json\/wp\/v2\/types\/product"}],"replies":[{"embeddable":true,"href":"https:\/\/allstar.az\/en\/wp-json\/wp\/v2\/comments?post=16604"}],"wp:featuredmedia":[{"embeddable":true,"href":"https:\/\/allstar.az\/en\/wp-json\/wp\/v2\/media\/17123"}],"wp:attachment":[{"href":"https:\/\/allstar.az\/en\/wp-json\/wp\/v2\/media?parent=16604"}],"wp:term":[{"taxonomy":"product_cat","embeddable":true,"href":"https:\/\/allstar.az\/en\/wp-json\/wp\/v2\/product_cat?post=16604"},{"taxonomy":"product_tag","embeddable":true,"href":"https:\/\/allstar.az\/en\/wp-json\/wp\/v2\/product_tag?post=16604"}],"curies":[{"name":"wp","href":"https:\/\/api.w.org\/{rel}","templated":true}]}}